{"id":623,"date":"2024-06-03T22:30:25","date_gmt":"2024-06-03T22:30:25","guid":{"rendered":"https:\/\/valvulasbroen.com\/?page_id=623"},"modified":"2024-06-03T22:38:20","modified_gmt":"2024-06-03T22:38:20","slug":"aviso-de-privacidad","status":"publish","type":"page","link":"https:\/\/valvulasbroen.com\/index.php\/aviso-de-privacidad\/","title":{"rendered":"Aviso de privacidad"},"content":{"rendered":"\t\t<div data-elementor-type=\"wp-page\" data-elementor-id=\"623\" class=\"elementor elementor-623\">\n\t\t\t\t<div class=\"elementor-element elementor-element-21b1455 e-flex e-con-boxed e-con e-parent\" data-id=\"21b1455\" data-element_type=\"container\" data-settings=\"{&quot;background_background&quot;:&quot;classic&quot;,&quot;content_width&quot;:&quot;boxed&quot;}\" data-core-v316-plus=\"true\">\n\t\t\t\t\t<div class=\"e-con-inner\">\n\t\t\t\t<div class=\"elementor-element elementor-element-c6ba52b elementor-widget__width-initial elementor-widget-mobile__width-initial elementor-widget elementor-widget-image\" data-id=\"c6ba52b\" data-element_type=\"widget\" data-widget_type=\"image.default\">\n\t\t\t\t<div class=\"elementor-widget-container\">\n\t\t\t<style>\/*! elementor - v3.19.0 - 28-02-2024 *\/\n.elementor-widget-image{text-align:center}.elementor-widget-image a{display:inline-block}.elementor-widget-image a img[src$=\".svg\"]{width:48px}.elementor-widget-image img{vertical-align:middle;display:inline-block}<\/style>\t\t\t\t\t\t\t\t\t\t<img decoding=\"async\" width=\"218\" height=\"86\" src=\"https:\/\/valvulasbroen.com\/wp-content\/uploads\/2024\/01\/broen2recursos.png\" class=\"attachment-medium size-medium wp-image-603\" alt=\"\" \/>\t\t\t\t\t\t\t\t\t\t\t\t\t<\/div>\n\t\t\t\t<\/div>\n\t\t\t\t<div class=\"elementor-element elementor-element-ec2a464 elementor-widget elementor-widget-heading\" data-id=\"ec2a464\" data-element_type=\"widget\" data-widget_type=\"heading.default\">\n\t\t\t\t<div class=\"elementor-widget-container\">\n\t\t\t<style>\/*! elementor - v3.19.0 - 28-02-2024 *\/\n.elementor-heading-title{padding:0;margin:0;line-height:1}.elementor-widget-heading .elementor-heading-title[class*=elementor-size-]>a{color:inherit;font-size:inherit;line-height:inherit}.elementor-widget-heading .elementor-heading-title.elementor-size-small{font-size:15px}.elementor-widget-heading .elementor-heading-title.elementor-size-medium{font-size:19px}.elementor-widget-heading .elementor-heading-title.elementor-size-large{font-size:29px}.elementor-widget-heading .elementor-heading-title.elementor-size-xl{font-size:39px}.elementor-widget-heading .elementor-heading-title.elementor-size-xxl{font-size:59px}<\/style><h2 class=\"elementor-heading-title elementor-size-default\">Aviso de privacidad<\/h2>\t\t<\/div>\n\t\t\t\t<\/div>\n\t\t\t\t\t<\/div>\n\t\t\t\t<\/div>\n\t\t<div class=\"elementor-element elementor-element-edc8912 e-flex e-con-boxed e-con e-parent\" data-id=\"edc8912\" data-element_type=\"container\" data-settings=\"{&quot;content_width&quot;:&quot;boxed&quot;}\" data-core-v316-plus=\"true\">\n\t\t\t\t\t<div class=\"e-con-inner\">\n\t\t\t\t<div class=\"elementor-element elementor-element-97735e1 elementor-widget elementor-widget-text-editor\" data-id=\"97735e1\" data-element_type=\"widget\" data-widget_type=\"text-editor.default\">\n\t\t\t\t<div class=\"elementor-widget-container\">\n\t\t\t<style>\/*! elementor - v3.19.0 - 28-02-2024 *\/\n.elementor-widget-text-editor.elementor-drop-cap-view-stacked .elementor-drop-cap{background-color:#69727d;color:#fff}.elementor-widget-text-editor.elementor-drop-cap-view-framed .elementor-drop-cap{color:#69727d;border:3px solid;background-color:transparent}.elementor-widget-text-editor:not(.elementor-drop-cap-view-default) .elementor-drop-cap{margin-top:8px}.elementor-widget-text-editor:not(.elementor-drop-cap-view-default) .elementor-drop-cap-letter{width:1em;height:1em}.elementor-widget-text-editor .elementor-drop-cap{float:left;text-align:center;line-height:1;font-size:50px}.elementor-widget-text-editor .elementor-drop-cap-letter{display:inline-block}<\/style>\t\t\t\t<p>\u00a0<\/p><p><strong>La privacidad para Grupo BROEN, es de suma importancia, por ello queremos asegurarnos de que conozcas como salvaguardamos la integridad, privacidad, y protecci\u00f3n de los datos personales, en estricto apego a la Ley Federal de Protecci\u00f3n de Datos Personales en Posesi\u00f3n de los Particulares de acuerdo en su publicaci\u00f3n del DOF el 5 de julio de 2010.<\/strong><\/p><p>\u00a0<\/p><p><strong>AVISO DE PRIVACIDAD<\/strong><\/p><p><strong>\u200b<\/strong><\/p><p>I.- DATOS DEL RESPONSABLE<\/p><p>De conformidad con lo establecido en la Ley Federal de Protecci\u00f3n de Datos Personales en Posesi\u00f3n de los Particulares (LFPDPPP) y su Reglamento, se le informa que BROEN, en lo sucesivo el \u201cResponsable\u201d o \u201cBROEN\u201d), con domicilio en Av. Pirineos #515 int. 10, Benito Ju\u00e1rez, 76089\u00a0 Quer\u00e9taro, M\u00e9xico, tratar\u00e1 los datos personales que recopile de Usted como Titular, para llevar a cabo las actividades intr\u00ednsecas a su objeto social, para la finalidad y objetivo de que el \u201cTitular\u201d tenga pleno conocimiento, control y decisi\u00f3n sobre sus datos personales.<\/p><p>\u200b<\/p><p>II.- DATOS PERSONALES QUE SE RECABAN<\/p><p>Los datos personales, sensibles, patrimoniales, o financieros recabados, ser\u00e1n tratados y resguardados con base en los principios establecidos en la LFPDPPP y su Reglamento;<\/p><p>(a) PRINCIPIO DE LICITUD: &#8220;BROEN&#8221; recolecta y trata sus datos personales de forma l\u00edcita, sin emplear medios fraudulentos o enga\u00f1os; (b) PRINCIPIO DE LEALTAD: El tratamiento de sus datos personales se har\u00e1 en apego a lo dispuesto en el presente Aviso de Privacidad a efecto de brindarle una expectativa razonable de privacidad; (c) PRINCIPIO DE CONSENTIMIENTO: Todo tratamiento de sus datos personales estar\u00e1 sujeto a su consentimiento, con excepci\u00f3n de los casos previstos en la Ley Federal de Protecci\u00f3n de Datos en Posesi\u00f3n de Particulares (&#8220;LFPDPPP&#8221;); (d) PRINCIPIO DE INFORMACI\u00d3N: &#8220;BROEN&#8221; le informar\u00e1 sobre los datos personales e informaci\u00f3n que recolecta de usted y con qu\u00e9 finalidades; (e) PRINCIPIO DE CALIDAD DE LOS DATOS: &#8220;BROEN&#8221; se compromete a instrumentar medidas razonables para que sus datos personales que sean tratados y almacenados en sus bases de datos o medios de almacenamiento as\u00ed dispuestos para tal efecto, sean pertinentes, correctos y actualizados para los fines para los cuales fueron recolectados. Dentro de tales medidas, se puede encontrar el env\u00edo peri\u00f3dico de correos electr\u00f3nicos y\/o memor\u00e1ndum con recordatorios para actualizar sus datos personales para asegurar su veracidad y exactitud; (f) PRINCIPIO DE FINALIDAD: El tratamiento de sus datos personales se limita al cumplimiento de los fines previstos en el presente Aviso de Privacidad. Cualquier tratamiento de sus datos para fines distintos que no sean compatibles o an\u00e1logos a los aqu\u00ed previstos, requerir\u00e1n de la obtenci\u00f3n de su consentimiento nuevamente; (g) PRINCIPIO DE PROPORCIONALIDAD: El tratamiento de sus datos personales ser\u00e1 el que resulte necesario, adecuado y relevante en relaci\u00f3n con las finalidades descritas en el presente Aviso de Privacidad.<\/p><p>\u00a0<\/p><p>III.- FINALIDADES DEL TRATAMIENTO DE DATOS<\/p><p>BROEN en este acto recaba sus datos personales para las siguientes finalidades necesarias<\/p><ol><li>Para poder identificarlo y contactarle para cualquier tema relacionado con \u201cBROEN\u201d.<\/li><li>Gestionar la informaci\u00f3n, as\u00ed como la gesti\u00f3n comercial de nuestros clientes, prospectos y\/o visitantes de nuestro portal web valvulasbroen.com<\/li><li>Proveer informaci\u00f3n al cliente en forma visible y clara, sobre las condiciones y disposiciones para la contrataci\u00f3n y el uso de servicios contratados, productos requeridos.<\/li><li>Atender las peticiones, ya sean comerciales o legales que lleguen mediante nuestro formulario dispuesto en el portal web valvulasbroen.com Fines estad\u00edsticos, sin tratamiento de datos personales.<\/li><li>Interacci\u00f3n con otras plataformas electr\u00f3nicas por citar algunas, LinkedIn, Twitter, Facebook, Instagram, que para el caso cada una de \u00e9stas son responsables del tratamiento de sus datos personales, sin que ello implique una transferencia o remisi\u00f3n de datos personales consentidos por usted.<\/li><\/ol><p>\u00a0<\/p><p>En t\u00e9rminos generales todo lo necesario para la mejor atenci\u00f3n y canalizaci\u00f3n pertinente de las necesidades de nuestros visitantes mediante el portal web antes mencionado, por lo que toda informaci\u00f3n proporcionada a &#8220;BROEN&#8221; por parte de sus clientes, proveedores y\/o visitantes estar\u00e1 dispuesta en caso de ser necesarias por alguna orden judicial, previo se dar\u00e1 un aviso mediante correo electr\u00f3nico proveniente de\u00a0ventas2@innovations.com.mx al correo electr\u00f3nico del cliente o titular de los datos personales.<\/p><p>En consecuencia, para cumplimentar con las finalidades que se mencionan en el presente Aviso, requerimos que nos proporcione los siguientes Datos Personales: Nombre completo, nombre de la empresa, correo electr\u00f3nico, n\u00famero de contacto ya sea fijo o celular.<\/p><ol><li>TRANSFERENCIAS DE DATOS PERSONALES A TERCEROS: &#8220;BROEN&#8221; ha celebrado diversos acuerdos comerciales con otros proveedores de productos y servicios, tanto en territorio nacional como en el extranjero, los cuales est\u00e1n obligados, por virtud del contrato correspondiente, a mantener la confidencialidad de los datos personales suministrados por &#8220;BROEN&#8221; y a observar el presente Aviso de Privacidad, por lo que &#8220;BROEN&#8221; podr\u00eda proporcionar sus datos personales con terceros solo para cuesti\u00f3n de proporcionar el producto o servicio requerido. En virtud de lo anterior, dichos proveedores no podr\u00e1n utilizar los datos personales suministrados por &#8220;BROEN&#8221; para ning\u00fan otro prop\u00f3sito que no sea el de la relaci\u00f3n comercial para con \u201cBROEN\u201d.<\/li><\/ol><p>\u200b<\/p><ol><li>RETENCI\u00d3N Y SEGURIDAD DE LOS DATOS PERSONALES: &#8220;BROEN&#8221; conserva sus datos personales durante el tiempo que sea necesario para procesar sus solicitudes de informaci\u00f3n, y\/o servicios, as\u00ed como para mantener los registros contables, financieros y de auditoria en t\u00e9rminos de la legislaci\u00f3n mercantil, fiscal y administrativa vigente. Los datos personales recolectados por &#8220;BROEN&#8221; se encuentran protegidos por medidas de seguridad administrativas, t\u00e9cnicas, tecnol\u00f3gicas y f\u00edsicas adecuadas contra el da\u00f1o, p\u00e9rdida, alteraci\u00f3n, destrucci\u00f3n o uso, acceso o tratamiento no autorizados, de conformidad con lo dispuesto en la LFPDPPP y de la regulaci\u00f3n administrativa derivada de la misma.<\/li><\/ol><p>Todos los datos personales almacenados en formato digital o electr\u00f3nico se mantienen en medios de almacenamiento confidenciales y seguros. &#8220;BROEN&#8221; eval\u00faa sus equipos y procedimientos de seguridad con regularidad y los modifica en caso de que sea necesario. Para evitar el acceso no autorizado o la divulgaci\u00f3n indebida de datos personales, y con el objeto de mantener su exactitud, integridad, disponibilidad, y confidencialidad, &#8220;BROEN&#8221; tambi\u00e9n utiliza procedimientos y controles legales pertinentes en t\u00e9rminos de la LFPDPPP y de los previstos en la regulaci\u00f3n administrativa derivada de esta Ley.<\/p><p>&#8220;BROEN&#8221; utiliza una variedad de tecnolog\u00edas y procedimientos dise\u00f1ados para proteger sus datos personales el uso de usuarios y contrase\u00f1as confidenciales, las herramientas inform\u00e1ticas de cifrado (AES) para servidor de datos, as\u00ed como la transferencia de archivos mediante protocolos seguros (SSL). Tales datos personales son almacenados en sistemas inform\u00e1ticos protegidos con programas contra virus, spyware y otros c\u00f3digos maliciosos; adicionalmente, utiliza redes protegidas con firewalls, e instalaciones de acceso controlado.<\/p><p>\u200b<\/p><ol><li>DEPARTAMENTO DE DATOS PERSONALES: &#8220;BROEN&#8221; pone a su disposici\u00f3n el Departamento de Datos Personales, que tendr\u00e1 a su cargo la recepci\u00f3n, registro y atenci\u00f3n de sus solicitudes para ejercer su derecho de acceso, rectificaci\u00f3n, cancelaci\u00f3n y oposici\u00f3n al tratamiento (Derechos ARCO) de sus datos personales, as\u00ed como para limitar el uso o divulgaci\u00f3n de sus datos, y los dem\u00e1s derechos previstos en la LFDDPPP. Para cualquier solicitud, aclaraci\u00f3n o comentario relacionada con el presente Aviso de Privacidad s\u00edrvase contactar a: &#8220;BROEN&#8221;, Attn: Departamento de Protecci\u00f3n de Datos Personales, en Av. Pirineos #515 int. 10, Benito Ju\u00e1rez, 76089 Quer\u00e9taro, M\u00e9xico; tambi\u00e9n puede contactarlo v\u00eda correo electr\u00f3nico a:\u00a0<a href=\"mailto:ventas2@innovations.com.mx\">ventas2@innovations.com.mx<\/a><br \/><br \/><\/li><\/ol><p>VII. DERECHOS ARCO: &#8220;BROEN&#8221; est\u00e1 comprometido con su privacidad y con el cumplimiento de los derechos que le corresponden en t\u00e9rminos de la LFPDPPP. Los siguientes derechos son denominados Derechos ARCO: DERECHO DE ACCESO: Usted tiene el derecho a conocer sobre los datos personales referidos a su persona que obren en poder de &#8220;BROEN&#8221; y a qui\u00e9n le han sido compartidos y con qu\u00e9 finalidades. DERECHO A LA RECTIFICACI\u00d3N: Usted tiene derecho a que sus datos personales sean rectificados cuando \u00e9stos son equ\u00edvocos, inexactos o incompletos. DERECHO DE CANCELACI\u00d3N: Usted tiene derecho a solicitar en cualquier momento que se supriman sus datos personales, lo cual suceder\u00e1 una vez que transcurra el periodo de bloqueo. El bloqueo implica la identificaci\u00f3n y conservaci\u00f3n de sus datos personales, una vez que se cumpla con las finalidades para las cuales fueron recolectados, y tiene como prop\u00f3sito determinar las posibles responsabilidades en relaci\u00f3n con su tratamiento, hasta el plazo de prescripci\u00f3n legal o contractual de \u00e9stas. Durante dicho periodo, sus datos personales no ser\u00e1n objeto de tratamiento y transcurrido \u00e9ste, se proceder\u00e1 con su cancelaci\u00f3n en la base de datos correspondiente. Una vez cancelado el dato &#8220;BROEN&#8221; la dar\u00e1 el aviso correspondiente por correo electr\u00f3nico. En caso de que sus datos personales hubiesen sido transmitidos con anterioridad a la fecha de rectificaci\u00f3n o cancelaci\u00f3n y sigan siendo tratados por terceros, &#8220;BROEN&#8221; har\u00e1 de su conocimiento dicha solicitud de rectificaci\u00f3n o cancelaci\u00f3n, para que proceda a efectuarla tambi\u00e9n. DERECHO DE OPOSICI\u00d3N: Usted tiene en todo momento el derecho a solicitar, siempre que tenga una causa leg\u00edtima, que &#8220;BROEN&#8221; deje de tratar sus datos personales.<\/p><ol><li>Procedimiento para el ejercicio de los Derechos ARCO: Para ejercer los derechos ARCO, sirva utilizar como documento base el formato disponible en https:\/\/valvulasbroen.com\/aviso-de-privacidad,\u00a0el cual puede de presentar de manera electr\u00f3nica a la direcci\u00f3n\u00a0ventas2@innovations.com.mx\u00a0o en su defecto de manera f\u00edsica en Av. Pirineos #515 int. 10, Benito Ju\u00e1rez, 76089\u00a0 Quer\u00e9taro, M\u00e9xico<\/li><\/ol><p>En t\u00e9rminos de lo dispuesto por el art\u00edculo 32 de la Ley Federal de Protecci\u00f3n de Datos Personales de los particulares, \u201cBROEN\u201d comunicar\u00e1 al titular, en un plazo m\u00e1ximo de veinte d\u00edas h\u00e1biles, contados a partir de que se recibi\u00f3 la presente solicitud, la determinaci\u00f3n adoptada, y en su caso de que \u00e9sta resulte procedente, se har\u00e1 efectiva la misma, dentro de los quince d\u00edas h\u00e1biles siguientes a la fecha en que sea comunicada la respuesta al titular por correo electr\u00f3nico.<\/p><p>En t\u00e9rminos de lo dispuesto por el art\u00edculo 45 de la LFPDPPP y el art\u00edculo de su Reglamento, el titular de los datos personales cuenta con un plazo de quince d\u00edas h\u00e1biles para iniciar el Procedimiento de Protecci\u00f3n de Derechos ante el Instituto Federal de Acceso a la Informaci\u00f3n y Protecci\u00f3n de Datos, en los t\u00e9rminos especificados en la Ley y su Reglamento.<\/p><p>Trat\u00e1ndose de solicitudes de acceso a datos personales, &#8220;BROEN&#8221; proceder\u00e1 con su entrega previa acreditaci\u00f3n de la identidad del solicitante o de su representante legal, seg\u00fan corresponda. Los plazos antes referidos podr\u00e1n ser ampliados una sola vez por un periodo igual, siempre y cuando as\u00ed lo justifiquen las circunstancias del caso. La entrega de los datos personales ser\u00e1 gratuita, solamente le corresponder\u00e1 cubrir los gastos justificados de env\u00edo o el costo de reproducci\u00f3n en copias u otros formatos. En el caso de que usted reitere su solicitud en un periodo menor a doce meses, deber\u00e1 cubrir los costos correspondientes en t\u00e9rminos de la LFPDPPP, a menos que existan modificaciones sustanciales al aviso de privacidad que motiven nuevas consultas.<\/p><p>\u200b<\/p><p>VIII. CAMBIOS AL AVISO DE PRIVACIDAD: &#8220;BROEN&#8221; podr\u00e1 modificar en cualquier momento el presente Aviso de Privacidad, con el objeto de instrumentar mejoras o incorporar nuevas medidas previstas en la Ley y otras disposiciones normativas, cuesti\u00f3n por la cual se le sugiere revisar con regularidad su contenido. Las actualizaciones ser\u00e1n publicadas en la p\u00e1gina web\u00a0https:\/\/valvulasbroen.com\/aviso-de-privacidad.\u00a0Si &#8220;BROEN&#8221; hace cambios significativos, tambi\u00e9n le podr\u00e1 notificar otros medios tales como el env\u00edo de correo electr\u00f3nico o memor\u00e1ndum.<\/p><p>\u200b<\/p><ol><li>CONSENTIMIENTO: Usted proporciona su consentimiento expreso para la recolecci\u00f3n, tratamiento y uso de sus datos personales conformidad con el presente Aviso de Privacidad al manifestar su voluntad mediante una declaraci\u00f3n escrita, electr\u00f3nica o por cualquier otra tecnolog\u00eda, o al proporcionar voluntariamente la informaci\u00f3n solicitada. Usted proporciona su consentimiento t\u00e1cito para el uso de herramientas de captura autom\u00e1tica de datos al no oponerse al mismo habi\u00e9ndole hecho de su conocimiento este aviso de privacidad publicado en el portal de BROEN Soluciones Industriales S. de R.L. de C.V. bajo la direcci\u00f3n ininterrumpida\u00a0https:\/\/valvulasbroen.com\/aviso-de-privacidad,\u00a0esto sin objetar su contenido. Por lo tanto, el proveedor otorga su consentimiento t\u00e1cito para la recopilaci\u00f3n, uso y divulgaci\u00f3n de los casos aplicables antes descritos. En algunos casos, la LFPDPPP permite que &#8220;BROEN&#8221; recolecte, utilice y divulgue sus datos personales sin su consentimiento. Si &#8220;BROEN&#8221; obtiene informaci\u00f3n personal a trav\u00e9s de terceros, les requerir\u00e1 que confirmen que cuentan con su consentimiento para la divulgaci\u00f3n de sus datos personales a &#8220;BROEN&#8221;. Usted tiene el derecho de revocar su consentimiento en relaci\u00f3n a la recolecci\u00f3n, uso y divulgaci\u00f3n de sus datos personales. Si usted solicita que &#8220;BROEN&#8221; revoque su consentimiento, &#8220;BROEN&#8221; tomar\u00e1 las medidas necesarias para destruir o eliminar los datos personales que nos haya proporcionado, con las salvedades previstas en la LFPDPPP. La informaci\u00f3n personal residual puede permanecer en los registros archivados o hist\u00f3ricos. Adem\u00e1s, &#8220;BROEN&#8221; no permite destruir informaci\u00f3n fiscal o contable de las transacciones que puede ser necesaria para mantener o cumplir con las obligaciones legales. Sin embargo, &#8220;BROEN&#8221; no utilizar\u00e1 su informaci\u00f3n personal con otros fines una vez que usted revoca su consentimiento.<\/li><\/ol><p>\u200b<\/p><p>X.- COOKIES.- Este sitio no utiliza ninguna cookie de forma directa, sin embargo los motores de b\u00fasqueda y\/o alg\u00fan plug in utilizado para facilitar la compatibilidad de navegaci\u00f3n, externos a \u201cBROEN\u201d, es altamente probable que si las usen, por lo que est\u00e1n fuera de nuestros alcances y control.<\/p><p>Para el caso de que alguna de las tecnolog\u00edas que recaben informaci\u00f3n cuando son redirigidos a esta p\u00e1gina puede ser deshabilitadas, eliminando la memoria cach\u00e9 de su navegador, con el fin de salvo guardar sus datos. Para m\u00e1s informaci\u00f3n acerca de las Cookies sirva de referencia revisar el aviso de privacidad de nuestro sitio web\u00a0https:\/\/valvulasbroen.com.<\/p><p>\u200b<\/p><ol><li>LEGISLACI\u00d3N APLICABLE: La interpretaci\u00f3n y aplicaci\u00f3n del presente Aviso de Privacidad se rige por la Ley Federal de Protecci\u00f3n de Datos Personales en Posesi\u00f3n de los Particulares, el C\u00f3digo Civil Federal, Ley Federal de Procedimiento Administrativo y las dem\u00e1s leyes y disposiciones reglamentarias y administrativas que resulten aplicables.<\/li><\/ol><p>\u200b<\/p><p>XII. NOTIFICACIONES: El presente Aviso de Privacidad tiene vigencia a partir de su fecha de publicaci\u00f3n en web, con la salvedad del numeral IX. Derechos Arco, que comenzar\u00e1 su vigencia a partir del 3 de Septiembre de 2012, seg\u00fan lo previsto en los art\u00edculos Tercero y Cuarto Transitorios de la LFPDPPP, As\u00ed mismo en atenci\u00f3n a lo se\u00f1alado en el art\u00edculo 35 fracci\u00f3n II de la Ley Federal de Procedimiento Administrativo, las notificaciones, citatorios, emplazamientos, requerimientos, solicitud de informes o de documentos, las resoluciones administrativas definitivas deber\u00e1n de realizarse exclusivamente a trav\u00e9s de los medios de comunicaci\u00f3n se\u00f1alados en el punto VII de este aviso integral de privacidad.<\/p><p>\u200b<\/p><p>\u00daltima actualizaci\u00f3n 3 de junio de 2024.<\/p>\t\t\t\t\t\t<\/div>\n\t\t\t\t<\/div>\n\t\t\t\t\t<\/div>\n\t\t\t\t<\/div>\n\t\t\t\t<\/div>\n\t\t","protected":false},"excerpt":{"rendered":"<p>Aviso de privacidad \u00a0 La privacidad para Grupo BROEN, es de suma importancia, por ello queremos asegurarnos de que conozcas como salvaguardamos la integridad, privacidad, y protecci\u00f3n de los datos personales, en estricto apego a la Ley Federal de Protecci\u00f3n de Datos Personales en Posesi\u00f3n de los Particulares de acuerdo en su publicaci\u00f3n del DOF [&hellip;]<\/p>\n","protected":false},"author":1,"featured_media":0,"parent":0,"menu_order":0,"comment_status":"closed","ping_status":"closed","template":"elementor_header_footer","meta":{"footnotes":""},"class_list":["post-623","page","type-page","status-publish","hentry"],"aioseo_notices":[],"_links":{"self":[{"href":"https:\/\/valvulasbroen.com\/index.php\/wp-json\/wp\/v2\/pages\/623","targetHints":{"allow":["GET"]}}],"collection":[{"href":"https:\/\/valvulasbroen.com\/index.php\/wp-json\/wp\/v2\/pages"}],"about":[{"href":"https:\/\/valvulasbroen.com\/index.php\/wp-json\/wp\/v2\/types\/page"}],"author":[{"embeddable":true,"href":"https:\/\/valvulasbroen.com\/index.php\/wp-json\/wp\/v2\/users\/1"}],"replies":[{"embeddable":true,"href":"https:\/\/valvulasbroen.com\/index.php\/wp-json\/wp\/v2\/comments?post=623"}],"version-history":[{"count":13,"href":"https:\/\/valvulasbroen.com\/index.php\/wp-json\/wp\/v2\/pages\/623\/revisions"}],"predecessor-version":[{"id":637,"href":"https:\/\/valvulasbroen.com\/index.php\/wp-json\/wp\/v2\/pages\/623\/revisions\/637"}],"wp:attachment":[{"href":"https:\/\/valvulasbroen.com\/index.php\/wp-json\/wp\/v2\/media?parent=623"}],"curies":[{"name":"wp","href":"https:\/\/api.w.org\/{rel}","templated":true}]}}